{"id":26,"date":"2022-01-03T17:59:41","date_gmt":"2022-01-03T17:59:41","guid":{"rendered":"https:\/\/renewdesign.com.br\/2022\/?page_id=26"},"modified":"2022-01-18T13:12:35","modified_gmt":"2022-01-18T13:12:35","slug":"o-que-oferecemos-para-o-seu-negocio","status":"publish","type":"page","link":"https:\/\/renewdesign.com.br\/2022\/o-que-oferecemos-para-o-seu-negocio\/","title":{"rendered":"O que oferecemos para o seu neg\u00f3cio"},"content":{"rendered":"\n<h2 class=\"wp-block-heading\">Cria\u00e7\u00e3o e SEO de sites<\/h2>\n\n\n\n<p>Sites totalmente responsivos para qualquer dispositivo, mobile, tablets e monitores de todas as resolu\u00e7\u00f5es. Com estudos e an\u00e1lises completas tanto do site da sua empresa quanto dos concorrentes, a <strong>Renew Design<\/strong> utiliza-se de estrat\u00e9gias de otimiza\u00e7\u00e3o tais como: Levantamento e organiza\u00e7\u00e3o das palavras-chave relacionadas ao produto ou servi\u00e7o oferecido pela empresa; Estudo e cria\u00e7\u00e3o de t\u00edtulos e meta descri\u00e7\u00f5es \u00fanicos e precisos para as p\u00e1ginas do site; Cria\u00e7\u00e3o de m\u00e9tricas, monitoramento de resultados, manuten\u00e7\u00e3o e aperfei\u00e7oamento das t\u00e9cnicas utilizadas; Reestrutura\u00e7\u00e3o da arquitetura da informa\u00e7\u00e3o do site para maximizar o potencial do seu conte\u00fado e melhorar a sua relev\u00e2ncia; An\u00e1lise e sugest\u00f5es de melhoria da navegabilidade e usabilidade do site.<\/p>\n\n\n\n<figure class=\"wp-block-image size-full\"><img loading=\"lazy\" decoding=\"async\" width=\"640\" height=\"426\" src=\"https:\/\/renewdesign.com.br\/2022\/wp-content\/uploads\/2022\/01\/seo.png\" alt=\"\" class=\"wp-image-35\" srcset=\"https:\/\/renewdesign.com.br\/2022\/wp-content\/uploads\/2022\/01\/seo.png 640w, https:\/\/renewdesign.com.br\/2022\/wp-content\/uploads\/2022\/01\/seo-300x200.png 300w\" sizes=\"auto, (max-width: 640px) 100vw, 640px\" \/><\/figure>\n\n\n\n<h2 class=\"wp-block-heading\">Acompanhamento do seu Site no Google Analytics e Meu neg\u00f3cio<\/h2>\n\n\n\n<p>O Google Analytics \u00e9 considerado uma pe\u00e7a essencial dos sites na web, pois, sem ele, ficamos literalmente no escuro. Como diz a famosa cita\u00e7\u00e3o do estat\u00edstico William Edwards Deming, \u201cn\u00e3o se gerencia o que n\u00e3o se mede\u201d.<\/p>\n\n\n\n<h3 class=\"wp-block-heading\">Saber a origem das visitas no seu site<\/h3>\n\n\n\n<p>Conhecer a origem dos visitantes do seu site \u00e9 essencial para otimizar suas campanhas ou direcionar a sua estrat\u00e9gia de Marketing de Conte\u00fado. Afinal, existem diversas\u00a0<strong>fontes de aquisi\u00e7\u00e3o<\/strong>, como URL, an\u00fancios, banners, backlinks, busca org\u00e2nica ou redes sociais.<\/p>\n\n\n\n<figure class=\"wp-block-image size-large\"><img loading=\"lazy\" decoding=\"async\" width=\"1024\" height=\"420\" src=\"https:\/\/renewdesign.com.br\/2022\/wp-content\/uploads\/2022\/01\/analyticsrenew2-1024x420.png\" alt=\"\" class=\"wp-image-126\" srcset=\"https:\/\/renewdesign.com.br\/2022\/wp-content\/uploads\/2022\/01\/analyticsrenew2-1024x420.png 1024w, https:\/\/renewdesign.com.br\/2022\/wp-content\/uploads\/2022\/01\/analyticsrenew2-300x123.png 300w, https:\/\/renewdesign.com.br\/2022\/wp-content\/uploads\/2022\/01\/analyticsrenew2-768x315.png 768w, https:\/\/renewdesign.com.br\/2022\/wp-content\/uploads\/2022\/01\/analyticsrenew2.png 1394w\" sizes=\"auto, (max-width: 1024px) 100vw, 1024px\" \/><figcaption>Nessa imagem podemos ver uma melhora absurda em um site apenas com algumas corre\u00e7\u00f5es.<\/figcaption><\/figure>\n\n\n\n<h2 class=\"wp-block-heading\">Hospedagem do seu site<\/h2>\n\n\n\n<p>Al\u00e9m do dom\u00ednio, o conte\u00fado do seu site precisa estar dispon\u00edvel em tempo integral na Internet. Temos suporte 24 horas.<\/p>\n\n\n\n<p>Acesse o site e contrate o seu plano ideal agora mesmo: <a href=\"http:\/\/renewhost.com.br\/\" target=\"_blank\" rel=\"noreferrer noopener\">http:\/\/renewhost.com.br\/<\/a><\/p>\n\n\n\n<figure class=\"wp-block-image size-full\"><a href=\"http:\/\/renewhost.com.br\/\" target=\"_blank\" rel=\"noopener\"><img loading=\"lazy\" decoding=\"async\" width=\"721\" height=\"247\" src=\"https:\/\/renewdesign.com.br\/2022\/wp-content\/uploads\/2022\/01\/renewhost-logo.png\" alt=\"\" class=\"wp-image-119\" srcset=\"https:\/\/renewdesign.com.br\/2022\/wp-content\/uploads\/2022\/01\/renewhost-logo.png 721w, https:\/\/renewdesign.com.br\/2022\/wp-content\/uploads\/2022\/01\/renewhost-logo-300x103.png 300w\" sizes=\"auto, (max-width: 721px) 100vw, 721px\" \/><\/a><\/figure>\n\n\n\n<figure class=\"wp-block-image size-full\"><a href=\"http:\/\/renewhost.com.br\/\" target=\"_blank\" rel=\"noopener\"><img loading=\"lazy\" decoding=\"async\" width=\"1000\" height=\"780\" src=\"https:\/\/renewdesign.com.br\/2022\/wp-content\/uploads\/2022\/01\/g9.jpg\" alt=\"\" class=\"wp-image-31\" srcset=\"https:\/\/renewdesign.com.br\/2022\/wp-content\/uploads\/2022\/01\/g9.jpg 1000w, https:\/\/renewdesign.com.br\/2022\/wp-content\/uploads\/2022\/01\/g9-300x234.jpg 300w, https:\/\/renewdesign.com.br\/2022\/wp-content\/uploads\/2022\/01\/g9-768x599.jpg 768w\" sizes=\"auto, (max-width: 1000px) 100vw, 1000px\" \/><\/a><\/figure>\n\n\n\n<h2 class=\"wp-block-heading\">E-mail Marketing<\/h2>\n\n\n\n<p>Invista pouco e fale com muitas pessoas! O plano ideal para suas campanhas de e-mail marketing est\u00e1 na Renew Design.<\/p>\n\n\n\n<p>Base de Dados e Envio de suas campanhas de email marketing em sistema totalmente online em portugu\u00eas com relat\u00f3rios completos e simples de ser utilizado. Suporte para inserir suas campanhas e listas.<\/p>\n\n\n\n<figure class=\"wp-block-image size-full\"><img loading=\"lazy\" decoding=\"async\" width=\"600\" height=\"405\" src=\"https:\/\/renewdesign.com.br\/2022\/wp-content\/uploads\/2022\/01\/g8.png\" alt=\"\" class=\"wp-image-30\" srcset=\"https:\/\/renewdesign.com.br\/2022\/wp-content\/uploads\/2022\/01\/g8.png 600w, https:\/\/renewdesign.com.br\/2022\/wp-content\/uploads\/2022\/01\/g8-300x203.png 300w\" sizes=\"auto, (max-width: 600px) 100vw, 600px\" \/><\/figure>\n\n\n\n<h2 class=\"wp-block-heading\">Gest\u00e3o de Adwords<\/h2>\n\n\n\n<h2 class=\"wp-block-heading\"><strong>A import\u00e2ncia do gerenciamento do Google Ads<\/strong><\/h2>\n\n\n\n<p>O&nbsp;<a href=\"https:\/\/www.dgaz.com.br\/agencia-google-adwords\/\"><strong>Google Ads<\/strong><\/a>&nbsp;(antes chamado de Google Adwords) \u00e9 o servi\u00e7o de publicidade paga do Google. Com ele, voc\u00ea anuncia seu site, seus produtos e servi\u00e7os e os an\u00fancios aparecem na primeira p\u00e1gina dos resultados de pesquisa nos mecanismos de busca (Google, Bing, etc).<\/p>\n\n\n\n<p>Ou seja, n\u00e3o h\u00e1 necessidade de esperar que seu novo site obtenha bom&nbsp;<a href=\"https:\/\/www.dgaz.com.br\/agencia-de-seo\/\"><strong>ranqueamento org\u00e2nico no Google<\/strong><\/a>. Ao usar o an\u00fancio pago, voc\u00ea pode ver resultados imediatos, contanto que tenha uma boa gest\u00e3o das campanhas.<\/p>\n\n\n\n<p>Afinal, de nada adianta inserir v\u00e1rios an\u00fancios pagos e n\u00e3o acompanhar o desempenho deles. Se voc\u00ea paga o link patrocinado por clique (CPC) ou por impress\u00e3o de an\u00fancios (CPM), certamente ter\u00e1 que acompanhar erros e acertos. Essa \u00e9 uma das melhores formas de otimizar os an\u00fancios, elevar as convers\u00f5es e pagar menos por eles.<\/p>\n\n\n\n<h3 class=\"wp-block-heading\"><strong>Estudo das palavras-chaves<\/strong><\/h3>\n\n\n\n<p>Um dos principais fatores de convers\u00e3o de vendas e de redu\u00e7\u00e3o de custos com an\u00fancios s\u00e3o as palavras escolhidas para as campanhas. O uso das palavras erradas para atrair cliques de um p\u00fablico que n\u00e3o \u00e9 aquele que voc\u00ea pretende impactar.<\/p>\n\n\n\n<p>Ent\u00e3o, al\u00e9m de pagar a mais pelos cliques, voc\u00ea n\u00e3o ver\u00e1 a convers\u00e3o acontecer em seu site. O mesmo acontece quando a segmenta\u00e7\u00e3o de p\u00fablico est\u00e1 errada e o erro n\u00e3o \u00e9 corrigido, justamente pela m\u00e1 gest\u00e3o das campanhas.<\/p>\n\n\n\n<figure class=\"wp-block-image size-full is-resized\"><img loading=\"lazy\" decoding=\"async\" src=\"https:\/\/renewdesign.com.br\/2022\/wp-content\/uploads\/2022\/01\/g6.png\" alt=\"\" class=\"wp-image-28\" width=\"640\" height=\"427\" srcset=\"https:\/\/renewdesign.com.br\/2022\/wp-content\/uploads\/2022\/01\/g6.png 640w, https:\/\/renewdesign.com.br\/2022\/wp-content\/uploads\/2022\/01\/g6-300x200.png 300w\" sizes=\"auto, (max-width: 640px) 100vw, 640px\" \/><\/figure>\n\n\n\n<figure class=\"wp-block-image size-full\"><img loading=\"lazy\" decoding=\"async\" width=\"457\" height=\"257\" src=\"https:\/\/renewdesign.com.br\/2022\/wp-content\/uploads\/2022\/01\/g5.png\" alt=\"\" class=\"wp-image-27\" srcset=\"https:\/\/renewdesign.com.br\/2022\/wp-content\/uploads\/2022\/01\/g5.png 457w, https:\/\/renewdesign.com.br\/2022\/wp-content\/uploads\/2022\/01\/g5-300x169.png 300w\" sizes=\"auto, (max-width: 457px) 100vw, 457px\" \/><\/figure>\n\n\n\n<h2 class=\"wp-block-heading\">Comunica\u00e7\u00e3o Visual<\/h2>\n\n\n\n<p>Oferecemos solu\u00e7\u00f5es completas na \u00e1rea de Comunica\u00e7\u00e3o Visual, desde Adesivos, Banners, Faixas, Folders at\u00e9 projetos de Fachada em ACM,Tottens, Pain\u00e9is e Placas entre outros.\u00a0Contamos com profissionais especializados e equipamentos de ponta para atender \u00e0s necessidades de nossos clientes.<\/p>\n\n\n\n<p>Visite o site: <a href=\"http:\/\/totaladesivos.com.br\/\" target=\"_blank\" rel=\"noreferrer noopener\">http:\/\/totaladesivos.com.br\/<\/a><\/p>\n\n\n\n<figure class=\"wp-block-gallery columns-3 is-cropped wp-block-gallery-1 is-layout-flex wp-block-gallery-is-layout-flex\"><ul class=\"blocks-gallery-grid\"><li class=\"blocks-gallery-item\"><figure><img loading=\"lazy\" decoding=\"async\" width=\"1024\" height=\"649\" src=\"https:\/\/renewdesign.com.br\/2022\/wp-content\/uploads\/2022\/01\/333-1024x649.jpg\" alt=\"\" data-id=\"36\" data-full-url=\"https:\/\/renewdesign.com.br\/2022\/wp-content\/uploads\/2022\/01\/333.jpg\" data-link=\"https:\/\/renewdesign.com.br\/2022\/o-que-oferecemos-para-o-seu-negocio\/attachment\/333\/\" class=\"wp-image-36\" srcset=\"https:\/\/renewdesign.com.br\/2022\/wp-content\/uploads\/2022\/01\/333-1024x649.jpg 1024w, https:\/\/renewdesign.com.br\/2022\/wp-content\/uploads\/2022\/01\/333-300x190.jpg 300w, https:\/\/renewdesign.com.br\/2022\/wp-content\/uploads\/2022\/01\/333-768x487.jpg 768w, https:\/\/renewdesign.com.br\/2022\/wp-content\/uploads\/2022\/01\/333.jpg 1200w\" sizes=\"auto, (max-width: 1024px) 100vw, 1024px\" \/><\/figure><\/li><li class=\"blocks-gallery-item\"><figure><img loading=\"lazy\" decoding=\"async\" width=\"600\" height=\"400\" src=\"https:\/\/renewdesign.com.br\/2022\/wp-content\/uploads\/2022\/01\/g10.jpg\" alt=\"\" data-id=\"32\" data-full-url=\"https:\/\/renewdesign.com.br\/2022\/wp-content\/uploads\/2022\/01\/g10.jpg\" data-link=\"https:\/\/renewdesign.com.br\/2022\/o-que-oferecemos-para-o-seu-negocio\/g10\/\" class=\"wp-image-32\" srcset=\"https:\/\/renewdesign.com.br\/2022\/wp-content\/uploads\/2022\/01\/g10.jpg 600w, https:\/\/renewdesign.com.br\/2022\/wp-content\/uploads\/2022\/01\/g10-300x200.jpg 300w\" sizes=\"auto, (max-width: 600px) 100vw, 600px\" \/><\/figure><\/li><li class=\"blocks-gallery-item\"><figure><img loading=\"lazy\" decoding=\"async\" width=\"640\" height=\"315\" src=\"https:\/\/renewdesign.com.br\/2022\/wp-content\/uploads\/2022\/01\/g7.png\" alt=\"\" data-id=\"29\" data-full-url=\"https:\/\/renewdesign.com.br\/2022\/wp-content\/uploads\/2022\/01\/g7.png\" data-link=\"https:\/\/renewdesign.com.br\/2022\/o-que-oferecemos-para-o-seu-negocio\/g7\/\" class=\"wp-image-29\" srcset=\"https:\/\/renewdesign.com.br\/2022\/wp-content\/uploads\/2022\/01\/g7.png 640w, https:\/\/renewdesign.com.br\/2022\/wp-content\/uploads\/2022\/01\/g7-300x148.png 300w\" sizes=\"auto, (max-width: 640px) 100vw, 640px\" \/><\/figure><\/li><\/ul><\/figure>\n\n\n\n<figure class=\"wp-block-image size-large\"><a href=\"http:\/\/totaladesivos.com.br\/\" target=\"_blank\" rel=\"noopener\"><img loading=\"lazy\" decoding=\"async\" width=\"1024\" height=\"579\" src=\"https:\/\/renewdesign.com.br\/2022\/wp-content\/uploads\/2022\/01\/totaladesivosgeladeirainox-1024x579.png\" alt=\"\" class=\"wp-image-127\" srcset=\"https:\/\/renewdesign.com.br\/2022\/wp-content\/uploads\/2022\/01\/totaladesivosgeladeirainox-1024x579.png 1024w, https:\/\/renewdesign.com.br\/2022\/wp-content\/uploads\/2022\/01\/totaladesivosgeladeirainox-300x169.png 300w, https:\/\/renewdesign.com.br\/2022\/wp-content\/uploads\/2022\/01\/totaladesivosgeladeirainox-768x434.png 768w, https:\/\/renewdesign.com.br\/2022\/wp-content\/uploads\/2022\/01\/totaladesivosgeladeirainox-1536x868.png 1536w, https:\/\/renewdesign.com.br\/2022\/wp-content\/uploads\/2022\/01\/totaladesivosgeladeirainox.png 1609w\" sizes=\"auto, (max-width: 1024px) 100vw, 1024px\" \/><\/a><\/figure>\n","protected":false},"excerpt":{"rendered":"<p>Cria\u00e7\u00e3o e SEO de sites Sites totalmente responsivos para qualquer dispositivo, mobile, tablets e monitores de todas as resolu\u00e7\u00f5es. Com estudos e an\u00e1lises completas tanto&hellip;<\/p>\n","protected":false},"author":1,"featured_media":0,"parent":0,"menu_order":0,"comment_status":"closed","ping_status":"closed","template":"","meta":{"footnotes":""},"class_list":["post-26","page","type-page","status-publish","hentry"],"_links":{"self":[{"href":"https:\/\/renewdesign.com.br\/2022\/wp-json\/wp\/v2\/pages\/26","targetHints":{"allow":["GET"]}}],"collection":[{"href":"https:\/\/renewdesign.com.br\/2022\/wp-json\/wp\/v2\/pages"}],"about":[{"href":"https:\/\/renewdesign.com.br\/2022\/wp-json\/wp\/v2\/types\/page"}],"author":[{"embeddable":true,"href":"https:\/\/renewdesign.com.br\/2022\/wp-json\/wp\/v2\/users\/1"}],"replies":[{"embeddable":true,"href":"https:\/\/renewdesign.com.br\/2022\/wp-json\/wp\/v2\/comments?post=26"}],"version-history":[{"count":5,"href":"https:\/\/renewdesign.com.br\/2022\/wp-json\/wp\/v2\/pages\/26\/revisions"}],"predecessor-version":[{"id":128,"href":"https:\/\/renewdesign.com.br\/2022\/wp-json\/wp\/v2\/pages\/26\/revisions\/128"}],"wp:attachment":[{"href":"https:\/\/renewdesign.com.br\/2022\/wp-json\/wp\/v2\/media?parent=26"}],"curies":[{"name":"wp","href":"https:\/\/api.w.org\/{rel}","templated":true}]}}