{"id":69,"date":"2025-02-04T19:30:40","date_gmt":"2025-02-04T19:30:40","guid":{"rendered":"https:\/\/renewdesign.com.br\/2025\/?page_id=69"},"modified":"2025-02-04T19:33:29","modified_gmt":"2025-02-04T19:33:29","slug":"entre-em-contato-com-a-renew-design","status":"publish","type":"page","link":"https:\/\/renewdesign.com.br\/2025\/entre-em-contato-com-a-renew-design\/","title":{"rendered":"Entre em Contato com a Renew Design"},"content":{"rendered":"\n<p><\/p>\n\n\n\n<p>Tem alguma d\u00favida ou quer saber mais sobre nossos servi\u00e7os? Preencha o formul\u00e1rio abaixo e nossa equipe entrar\u00e1 em contato o mais breve poss\u00edvel.<\/p>\n\n\n\n<div class=\"wpcf7 no-js\" id=\"wpcf7-f15-o1\" lang=\"pt-BR\" dir=\"ltr\" data-wpcf7-id=\"15\">\n<div class=\"screen-reader-response\"><p role=\"status\" aria-live=\"polite\" aria-atomic=\"true\"><\/p> <ul><\/ul><\/div>\n<form action=\"\/2025\/wp-json\/wp\/v2\/pages\/69#wpcf7-f15-o1\" method=\"post\" class=\"wpcf7-form init\" aria-label=\"Formul\u00e1rios de contato\" novalidate=\"novalidate\" data-status=\"init\">\n<div style=\"display: none;\">\n<input type=\"hidden\" name=\"_wpcf7\" value=\"15\" \/>\n<input type=\"hidden\" name=\"_wpcf7_version\" value=\"6.0.3\" \/>\n<input type=\"hidden\" name=\"_wpcf7_locale\" value=\"pt_BR\" \/>\n<input type=\"hidden\" name=\"_wpcf7_unit_tag\" value=\"wpcf7-f15-o1\" \/>\n<input type=\"hidden\" name=\"_wpcf7_container_post\" value=\"0\" \/>\n<input type=\"hidden\" name=\"_wpcf7_posted_data_hash\" value=\"\" \/>\n<\/div>\n<p><label> Seu nome<br \/>\n<span class=\"wpcf7-form-control-wrap\" data-name=\"your-name\"><input size=\"40\" maxlength=\"400\" class=\"wpcf7-form-control wpcf7-text wpcf7-validates-as-required\" autocomplete=\"name\" aria-required=\"true\" aria-invalid=\"false\" value=\"\" type=\"text\" name=\"your-name\" \/><\/span> <\/label>\n<\/p>\n<p><label> Seu e-mail<br \/>\n<span class=\"wpcf7-form-control-wrap\" data-name=\"your-email\"><input size=\"40\" maxlength=\"400\" class=\"wpcf7-form-control wpcf7-email wpcf7-validates-as-required wpcf7-text wpcf7-validates-as-email\" autocomplete=\"email\" aria-required=\"true\" aria-invalid=\"false\" value=\"\" type=\"email\" name=\"your-email\" \/><\/span> <\/label>\n<\/p>\n<p><label> Assunto<br \/>\n<span class=\"wpcf7-form-control-wrap\" data-name=\"your-subject\"><input size=\"40\" maxlength=\"400\" class=\"wpcf7-form-control wpcf7-text wpcf7-validates-as-required\" aria-required=\"true\" aria-invalid=\"false\" value=\"\" type=\"text\" name=\"your-subject\" \/><\/span> <\/label>\n<\/p>\n<p><label> Sua mensagem (opcional)<br \/>\n<span class=\"wpcf7-form-control-wrap\" data-name=\"your-message\"><textarea cols=\"40\" rows=\"10\" maxlength=\"2000\" class=\"wpcf7-form-control wpcf7-textarea\" aria-invalid=\"false\" name=\"your-message\"><\/textarea><\/span> <\/label>\n<\/p>\n<p><input class=\"wpcf7-form-control wpcf7-submit has-spinner\" type=\"submit\" value=\"Enviar\" \/>\n<\/p><div class=\"wpcf7-response-output\" aria-hidden=\"true\"><\/div>\n<\/form>\n<\/div>\n\n\n\n\n<h3 class=\"wp-block-heading\">\u00c1re de Atua\u00e7\u00e3o<\/h3>\n\n\n\n<p>Atendemos presencialmente e online em diversas regi\u00f5es com escrit\u00f3rios f\u00edsicos em:<\/p>\n\n\n\n<p>\ud83d\udccd <strong>S\u00e3o Paulo &#8211; Capital<\/strong>: Atendendo toda S\u00e3o Paulo, ABCD, Guarulhos e Grande S\u00e3o Paulo. <\/p>\n\n\n\n<p>\ud83d\udccd <strong>Bertioga<\/strong>: Atendendo todo o litoral de S\u00e3o Paulo, especialmente o litoral norte. <\/p>\n\n\n\n<p>\ud83d\udccd <strong>Sorocaba<\/strong>: Atendendo toda a regi\u00e3o e cidades vizinhas. <\/p>\n\n\n\n<p>\ud83d\udccd <strong>Atibaia<\/strong>: Atendendo Bragan\u00e7a Paulista e tamb\u00e9m o Sul de Minas.<\/p>\n\n\n\n<p>\ud83d\udce9 <strong>Entre em contato agora e fale com nossos especialistas!<\/strong><\/p>\n\n\n\n<div class=\"wp-block-buttons is-content-justification-center is-layout-flex wp-container-core-buttons-is-layout-a89b3969 wp-block-buttons-is-layout-flex\">\n<div class=\"wp-block-button has-custom-width wp-block-button__width-50\"><a class=\"wp-block-button__link has-midnight-gradient-background has-background wp-element-button\" href=\"https:\/\/wa.me\/5511958078560?text=Preciso de um Or\u00e7amento\" target=\"_blank\" rel=\"noreferrer noopener\"><strong>Fale Conosco<\/strong><\/a><\/div>\n<\/div>\n\n\n\n<p class=\"has-default-color has-text-color has-link-color wp-elements-3f567a8564bb38d7833cfbae1985fdb6\">.<\/p>\n","protected":false},"excerpt":{"rendered":"<p>Tem alguma d\u00favida ou quer saber mais sobre nossos servi\u00e7os? Preencha o formul\u00e1rio abaixo e nossa equipe entrar\u00e1 em contato o mais breve poss\u00edvel. \u00c1re de Atua\u00e7\u00e3o Atendemos presencialmente e online em diversas regi\u00f5es com escrit\u00f3rios f\u00edsicos em: \ud83d\udccd S\u00e3o Paulo &#8211; Capital: Atendendo toda S\u00e3o Paulo, ABCD, Guarulhos e Grande S\u00e3o Paulo. \ud83d\udccd Bertioga: [&hellip;]<\/p>\n","protected":false},"author":1,"featured_media":0,"parent":0,"menu_order":0,"comment_status":"closed","ping_status":"closed","template":"","meta":{"_ti_tpc_template_sync":false,"_ti_tpc_template_id":"","footnotes":""},"class_list":["post-69","page","type-page","status-publish","hentry"],"aioseo_notices":[],"_links":{"self":[{"href":"https:\/\/renewdesign.com.br\/2025\/wp-json\/wp\/v2\/pages\/69","targetHints":{"allow":["GET"]}}],"collection":[{"href":"https:\/\/renewdesign.com.br\/2025\/wp-json\/wp\/v2\/pages"}],"about":[{"href":"https:\/\/renewdesign.com.br\/2025\/wp-json\/wp\/v2\/types\/page"}],"author":[{"embeddable":true,"href":"https:\/\/renewdesign.com.br\/2025\/wp-json\/wp\/v2\/users\/1"}],"replies":[{"embeddable":true,"href":"https:\/\/renewdesign.com.br\/2025\/wp-json\/wp\/v2\/comments?post=69"}],"version-history":[{"count":2,"href":"https:\/\/renewdesign.com.br\/2025\/wp-json\/wp\/v2\/pages\/69\/revisions"}],"predecessor-version":[{"id":71,"href":"https:\/\/renewdesign.com.br\/2025\/wp-json\/wp\/v2\/pages\/69\/revisions\/71"}],"wp:attachment":[{"href":"https:\/\/renewdesign.com.br\/2025\/wp-json\/wp\/v2\/media?parent=69"}],"curies":[{"name":"wp","href":"https:\/\/api.w.org\/{rel}","templated":true}]}}